{"id":233,"date":"2019-09-02T17:54:00","date_gmt":"2019-09-02T15:54:00","guid":{"rendered":"https:\/\/mc.danmarksveteraner.dk\/wordpress\/?page_id=233"},"modified":"2026-04-23T20:27:49","modified_gmt":"2026-04-23T18:27:49","slug":"hvem-er-vi","status":"publish","type":"page","link":"https:\/\/mc.danmarksveteraner.dk\/wordpress\/hvem-er-vi\/","title":{"rendered":"Bestyrelse og Vedt\u00e6gter"},"content":{"rendered":"\n<p class=\"has-medium-font-size\"><strong>Bestyrelsens sammens\u00e6tning <\/strong>pr. 5\/5-2025<\/p>\n\n\n\n<figure class=\"wp-block-image size-full\"><img loading=\"lazy\" decoding=\"async\" width=\"800\" height=\"600\" src=\"https:\/\/mc.danmarksveteraner.dk\/wordpress\/wp-content\/uploads\/2026\/04\/675091432_10163800301418673_4969864741912215065_n-1.jpg\" alt=\"\" class=\"wp-image-716\" srcset=\"https:\/\/mc.danmarksveteraner.dk\/wordpress\/wp-content\/uploads\/2026\/04\/675091432_10163800301418673_4969864741912215065_n-1.jpg 800w, https:\/\/mc.danmarksveteraner.dk\/wordpress\/wp-content\/uploads\/2026\/04\/675091432_10163800301418673_4969864741912215065_n-1-300x225.jpg 300w, https:\/\/mc.danmarksveteraner.dk\/wordpress\/wp-content\/uploads\/2026\/04\/675091432_10163800301418673_4969864741912215065_n-1-768x576.jpg 768w\" sizes=\"(max-width: 800px) 100vw, 800px\" \/><\/figure>\n\n\n\n<p class=\"has-text-align-center\"><em>Generalforsamling og f\u00e6llestur p\u00e5 H\u00f8velte Kaserne 2026<\/em><\/p>\n\n\n\n<p><strong><em>Niels Porsb\u00f8l Jacobsen<\/em><\/strong> \u2013 Formand<\/p>\n\n\n\n<p><strong><em>Lars W\u00f8lke<\/em><\/strong> \u2013 Kasserer<\/p>\n\n\n\n<p><strong><em>Kim H\u00f8jris Kristensen<\/em><\/strong> \u2013 N\u00e6stformand<\/p>\n\n\n\n<p><strong><em>Hans  Kjeldsen<\/em><\/strong>\u2013 Bestyrelsesmedlem<\/p>\n\n\n\n<p><strong><em>Jesper M\u00fcnster Skov &#8211; <\/em><\/strong>Bestyrelsesmedlem<\/p>\n\n\n\n<p><strong><em>Anders Madsen<\/em><\/strong> &#8211; Revisor<\/p>\n\n\n\n<p><strong><em>Henrik Knudsen<\/em><\/strong> og <em><strong>Lars Borup-Jensen<\/strong><\/em> \u2013 Suppleanter<\/p>\n\n\n\n<p><\/p>\n\n\n\n<p class=\"has-medium-font-size\"><strong>Vedt\u00e6gter for Danmarks Veteraners Motorcykel Klub.<\/strong><br><\/p>\n\n\n\n<p><strong>\u00a7 1: Foreningens navn:<\/strong><br>Danmarks Veteraners Motorcykel Klub, herefter ben\u00e6vnt \u201cKlubben\u201d.<br>Klubben er en forening under Landsforeningen Danmarks Veteraner.<\/p>\n\n\n\n<p><br><strong>\u00a7 2: Klubbens hjemsted:<\/strong><br>Klubbens adresse er den til enhver tid siddende formands.<\/p>\n\n\n\n<p><br><strong>\u00a7 3: Foreningens form\u00e5l:<\/strong><br>Det er foreningens form\u00e5l, at samle danske veteraner fra alle v\u00e6rn i forsvaret,<br>beredskabsstyrelsen og politi til sociale arrangementer, k\u00f8reture, k\u00f8rekurser, foredrag o.l.<br>hvor den f\u00e6lles interesse for motorcykler kan dyrkes.<\/p>\n\n\n\n<p><br><strong>\u00a7 4: Medlemskab:<\/strong><br>Som medlem optages enhver dansk veteran som deler den f\u00e6lles interesse for k\u00f8rsel p\u00e5<br>motorcykel og som kan acceptere Klubbens vedt\u00e6gter.<\/p>\n\n\n\n<p><br>\u00a74 stk. 2: S\u00e5fremt en ans\u00f8ger vurderes at ville skade foreningens omd\u00f8mme og tarv, kan<br>ans\u00f8gningen afvises. Det skal ske efter koordination mellem landsforeningens<br>hovedbestyrelse og kartoteksf\u00f8rer.<\/p>\n\n\n\n<p><br>\u00a74. stk. 3: St\u00f8ttemedlemmer indmeldt via landsforeningen, og som har betalt det af<br>landsforeningen fastsatte kontingent, kan deltage jf. landsforeningens vedt\u00e6gter.<br>St\u00f8ttemedlemmer har ikke stemmeret til generalforsamlingen. St\u00f8ttemedlemmer kan ikke<br>v\u00e6lges til bestyrelsen. St\u00f8ttemedlemmer kan deltage i arrangementer og arbejde i<br>lokalforeningen p\u00e5 lige fod med ordin\u00e6re medlemmer.<\/p>\n\n\n\n<p><br>\u00a74 stk. 4: Midler fra finansloven eller donationer afsat til veteraner skal anvendes til gavn for<br>disse og deres p\u00e5r\u00f8rende.<\/p>\n\n\n\n<p><br>Private donationer og pengegaver o.lign. kan anvendes til aktiviteter for s\u00e5vel medlemmer<br>og deres p\u00e5r\u00f8rende, st\u00f8ttemedlemmer og tilknyttede efter foreningens egen bestemmelse.<\/p>\n\n\n\n<p><br>\u00a7 4. stk. 5: Foreningen kan lade interesserede for veteransagen ud over de i \u00a7 4, stk. 3.<br>n\u00e6vnte, men uden et medlemskab af Danmarks Veteraner, tilknytte foreningen.<br>S\u00e5danne tilknyttede til foreningen har ikke stemmeret eller er valgbare til tillidsposter i<br>foreningen. Generalforsamlingen fasts\u00e6tter et \u00e5rligt gebyr for at v\u00e6re tilknyttet foreningen.<\/p>\n\n\n\n<p><strong>\u00a7 5: Eksklusion:<\/strong><br>Bestyrelsen kan ekskludere et medlem af lokalforeningen s\u00e5fremt medlemmet ikke<br>overholder klubbens vedt\u00e6gter, eller i \u00f8vrigt skader klubben eller veteransagen.<br>Den ekskluderede kan skriftligt beg\u00e6re eksklusionen behandlet p\u00e5 f\u00f8rstkommende ordin\u00e6re<br>generalforsamling.<br>Bestyrelsen kan indstille et medlem til eksklusion af landsforeningen jf. landsforeningens<br>vedt\u00e6gter.<\/p>\n\n\n\n<p><strong>\u00a7 6: Klubbens logo mv.:<\/strong><br>Klubbens logo kan b\u00e6res som skulderm\u00e6rke eller p\u00e5 brystet.<br>Klubben accepterer ikke anvendelse af rygm\u00e6rker ved arrangementer arrangeret af<br>Danmarks Veteraners Motorcykel Klub.<\/p>\n\n\n\n<p><strong>\u00a7 7: Kontingent:<\/strong><br>Medlemmerne er forpligtede til at betale det af landsforeningen fastsatte kontingent.<br>Et medlem, der ikke betaler kontingent, bliver slettet som medlem og anciennitet bliver<br>nulstillet. Dog f\u00f8rst efter at foreningen har haft kontakt til medlemmet.<\/p>\n\n\n\n<p><strong>\u00a7 8: Generalforsamling:<\/strong><br>Generalforsamlingen er klubbens \u00f8verste myndighed.<br>Generalforsamlingen finder sted hvert \u00e5r i april m\u00e5ned.<br>Generalforsamling indkaldes via mail med mindst 21 dages varsel og med en forel\u00f8big<br>dagsorden.<br>Ethvert medlem, der ikke er i restance, har stemmeret ved generalforsamlingen.<br>Der kan ikke stemmes via fuldmagt.<br>Forslag til behandling p\u00e5 generalforsamlingen skal v\u00e6re formanden skriftligt i h\u00e6nde senest<br>14 dage f\u00f8r generalforsamlingen, hvorefter formanden snarest efter udsender endelig<br>dagsorden.<\/p>\n\n\n\n<p><strong>\u00a7 9: Dagsorden for generalforsamling.<\/strong><br>1: Valg af dirigent.<br>2: Valg af referent.<br>3: Valg af stemmet\u00e6llere.<br>4: Formandens beretning til godkendelse.<br>5: Kassererens beretning til godkendelse.<br>6: Fasts\u00e6ttelse af kontingent for tilknyttede medlemmer.<br>7: Valg til bestyrelse<br>Alle valg foreg\u00e5r ved h\u00e5ndsopr\u00e6kning, dog kan ethvert medlem anmode om skriftlig<br>afstemning.<br>Bestyrelsen v\u00e6lges for en 2 \u00e5rig periode, dog s\u00e5ledes at formand og 1 bestyrelsesmedlem<br>er p\u00e5 valg i ulige \u00e5r, og kasserer samt den \u00f8vrige bestyrelse i lige \u00e5r.<br>Suppleanter v\u00e6lges for 1 \u00e5r.<br>Bestyrelsen konstituerer sig selv.<br>Bestyrelsen best\u00e5r af:<br>Formand<br>N\u00e6stformand<br>Kasserer<br>1 eller evt. 2 bestyrelsesmedlemmer<br>2 suppleanter, disse kan deltage i bestyrelsesm\u00f8der uden stemmeret.<br>8: Valg af revisor. Revisor v\u00e6lges for 1 \u00e5r.<br>9: Indkomne forslag.<br>Vedt\u00e6gts\u00e6ndringer kr\u00e6ver et flertal p\u00e5 2\/3 af de fremm\u00f8dte stemmeberettigede.<br>10: evt.<\/p>\n\n\n\n<p><strong>\u00a7 10: Ekstraordin\u00e6r generalforsamling.<\/strong><br>Bestyrelsen kan til enhver tid indkalde til ekstraordin\u00e6r generalforsamling med 14 dages<br>varsel.<br>S\u00e5fremt mere end halvdelen af medlemmerne skriftligt kr\u00e6ver det, skal bestyrelsen indkalde<br>til ekstraordin\u00e6r generalforsamling med angivelse af begrundelse herfor.<\/p>\n\n\n\n<p><strong>\u00a7 11: Klubbens opl\u00f8sning.<\/strong><br>Klubben kan opl\u00f8ses hvis et flertal p\u00e5 2 hinanden f\u00f8lgende generalforsamlinger &#8211;<br>ekstraordin\u00e6re eller ordin\u00e6re \u2013 m\u00e5tte \u00f8nske dette.<br>Ved opl\u00f8sning af klubben tilfalder alle aktiver Landsforeningen Danmarks Veteraner.<br><\/p>\n\n\n\n<p>Vedt\u00e6gterne er revideret og godkendt p\u00e5 generalforsamlingen den 23. marts 2024 og af<br>medlemmerne pr. mail i april 2024.<br><\/p>\n\n\n\n<p>Vedt\u00e6gterne er godkendt af Danmarks Veteraners Hovedbestyrelse 21. maj 2024.<\/p>\n\n\n\n<p><\/p>\n\n\n\n<p><\/p>\n","protected":false},"excerpt":{"rendered":"<p>Bestyrelsens sammens\u00e6tning pr. 5\/5-2025 Generalforsamling og f\u00e6llestur p\u00e5 H\u00f8velte Kaserne 2026 Niels Porsb\u00f8l Jacobsen \u2013 Formand Lars W\u00f8lke \u2013 Kasserer<\/p>\n","protected":false},"author":1,"featured_media":0,"parent":0,"menu_order":0,"comment_status":"closed","ping_status":"closed","template":"","meta":{"footnotes":""},"_links":{"self":[{"href":"https:\/\/mc.danmarksveteraner.dk\/wordpress\/wp-json\/wp\/v2\/pages\/233"}],"collection":[{"href":"https:\/\/mc.danmarksveteraner.dk\/wordpress\/wp-json\/wp\/v2\/pages"}],"about":[{"href":"https:\/\/mc.danmarksveteraner.dk\/wordpress\/wp-json\/wp\/v2\/types\/page"}],"author":[{"embeddable":true,"href":"https:\/\/mc.danmarksveteraner.dk\/wordpress\/wp-json\/wp\/v2\/users\/1"}],"replies":[{"embeddable":true,"href":"https:\/\/mc.danmarksveteraner.dk\/wordpress\/wp-json\/wp\/v2\/comments?post=233"}],"version-history":[{"count":29,"href":"https:\/\/mc.danmarksveteraner.dk\/wordpress\/wp-json\/wp\/v2\/pages\/233\/revisions"}],"predecessor-version":[{"id":720,"href":"https:\/\/mc.danmarksveteraner.dk\/wordpress\/wp-json\/wp\/v2\/pages\/233\/revisions\/720"}],"wp:attachment":[{"href":"https:\/\/mc.danmarksveteraner.dk\/wordpress\/wp-json\/wp\/v2\/media?parent=233"}],"curies":[{"name":"wp","href":"https:\/\/api.w.org\/{rel}","templated":true}]}}