{"id":366,"date":"2021-07-27T22:26:33","date_gmt":"2021-07-27T20:26:33","guid":{"rendered":"https:\/\/mc.danmarksveteraner.dk\/wordpress\/?page_id=366"},"modified":"2024-10-04T17:44:33","modified_gmt":"2024-10-04T15:44:33","slug":"merchandise","status":"publish","type":"page","link":"https:\/\/mc.danmarksveteraner.dk\/wordpress\/merchandise\/","title":{"rendered":"Merchandise"},"content":{"rendered":"\n<p class=\"has-text-align-left\">T-shirts, Klisterm\u00e6rker og Patches<\/p>\n\n\n\n<p class=\"has-text-align-left\">Porto skal l\u00e6gges <strong>til<\/strong> prisen, der laves en sending <strong>en<\/strong> gang om m\u00e5neden<\/p>\n\n\n\n<p>Bestillinger sendes til Jesper Skov p\u00e5 mail: <a href=\"mailto:jespersvarre@yahoo.dk\"><\/a><a href=\"mailto:jesper86@icloud.com\" target=\"_blank\" rel=\"noreferrer noopener\">jesper86@icloud.com<\/a><\/p>\n\n\n\n<p class=\"has-text-align-left\">Betaling sker ved bankoverf\u00f8relse til klubbens konto. nr. 9570 12555547<\/p>\n\n\n\n<p>Sp\u00f8rg Jesper om pris p\u00e5 tshirts og sweatshirts.<\/p>\n\n\n\n<figure class=\"wp-block-image size-full is-resized\"><img loading=\"lazy\" decoding=\"async\" width=\"640\" height=\"864\" src=\"https:\/\/mc.danmarksveteraner.dk\/wordpress\/wp-content\/uploads\/2021\/07\/dvmc-2-1.jpg\" alt=\"\" class=\"wp-image-371\" style=\"width:300px\" srcset=\"https:\/\/mc.danmarksveteraner.dk\/wordpress\/wp-content\/uploads\/2021\/07\/dvmc-2-1.jpg 640w, https:\/\/mc.danmarksveteraner.dk\/wordpress\/wp-content\/uploads\/2021\/07\/dvmc-2-1-222x300.jpg 222w\" sizes=\"(max-width: 640px) 100vw, 640px\" \/><\/figure>\n\n\n\n<figure class=\"wp-block-image alignleft size-large is-resized\"><img loading=\"lazy\" decoding=\"async\" width=\"640\" height=\"864\" src=\"https:\/\/mc.danmarksveteraner.dk\/wordpress\/wp-content\/uploads\/2021\/07\/218709472_4381726745218567_6562716800404919101_n.jpg\" alt=\"\" class=\"wp-image-373\" style=\"width:300px\" srcset=\"https:\/\/mc.danmarksveteraner.dk\/wordpress\/wp-content\/uploads\/2021\/07\/218709472_4381726745218567_6562716800404919101_n.jpg 640w, https:\/\/mc.danmarksveteraner.dk\/wordpress\/wp-content\/uploads\/2021\/07\/218709472_4381726745218567_6562716800404919101_n-222x300.jpg 222w\" sizes=\"(max-width: 640px) 100vw, 640px\" \/><figcaption class=\"wp-element-caption\">DVMC Klisterm\u00e6rke : 20 Kr.<\/figcaption><\/figure>\n\n\n\n<figure class=\"wp-block-image alignleft size-large is-resized\"><img loading=\"lazy\" decoding=\"async\" width=\"544\" height=\"725\" src=\"https:\/\/mc.danmarksveteraner.dk\/wordpress\/wp-content\/uploads\/2021\/07\/dvmc.jpg\" alt=\"\" class=\"wp-image-374\" style=\"width:300px\" srcset=\"https:\/\/mc.danmarksveteraner.dk\/wordpress\/wp-content\/uploads\/2021\/07\/dvmc.jpg 544w, https:\/\/mc.danmarksveteraner.dk\/wordpress\/wp-content\/uploads\/2021\/07\/dvmc-225x300.jpg 225w\" sizes=\"(max-width: 544px) 100vw, 544px\" \/><figcaption class=\"wp-element-caption\">DVMC Patch : 50 Kr.<\/figcaption><\/figure>\n\n\n\n<p><\/p>\n","protected":false},"excerpt":{"rendered":"<p>T-shirts, Klisterm\u00e6rker og Patches Porto skal l\u00e6gges til prisen, der laves en sending en gang om m\u00e5neden Bestillinger sendes til<\/p>\n","protected":false},"author":1,"featured_media":0,"parent":0,"menu_order":0,"comment_status":"closed","ping_status":"closed","template":"","meta":{"footnotes":""},"_links":{"self":[{"href":"https:\/\/mc.danmarksveteraner.dk\/wordpress\/wp-json\/wp\/v2\/pages\/366"}],"collection":[{"href":"https:\/\/mc.danmarksveteraner.dk\/wordpress\/wp-json\/wp\/v2\/pages"}],"about":[{"href":"https:\/\/mc.danmarksveteraner.dk\/wordpress\/wp-json\/wp\/v2\/types\/page"}],"author":[{"embeddable":true,"href":"https:\/\/mc.danmarksveteraner.dk\/wordpress\/wp-json\/wp\/v2\/users\/1"}],"replies":[{"embeddable":true,"href":"https:\/\/mc.danmarksveteraner.dk\/wordpress\/wp-json\/wp\/v2\/comments?post=366"}],"version-history":[{"count":15,"href":"https:\/\/mc.danmarksveteraner.dk\/wordpress\/wp-json\/wp\/v2\/pages\/366\/revisions"}],"predecessor-version":[{"id":615,"href":"https:\/\/mc.danmarksveteraner.dk\/wordpress\/wp-json\/wp\/v2\/pages\/366\/revisions\/615"}],"wp:attachment":[{"href":"https:\/\/mc.danmarksveteraner.dk\/wordpress\/wp-json\/wp\/v2\/media?parent=366"}],"curies":[{"name":"wp","href":"https:\/\/api.w.org\/{rel}","templated":true}]}}